{"id":34,"date":"2021-03-10T09:28:00","date_gmt":"2021-03-10T09:28:00","guid":{"rendered":"https:\/\/apusthemes.com\/wp-demo\/superio\/?page_id=34"},"modified":"2025-09-14T21:20:57","modified_gmt":"2025-09-14T21:20:57","slug":"munkavallalas-folyamata","status":"publish","type":"page","link":"https:\/\/jobbkezek.hu\/en\/munkavallalas-folyamata\/","title":{"rendered":"Employment process"},"content":{"rendered":"<div data-elementor-type=\"wp-page\" data-elementor-id=\"34\" class=\"elementor elementor-34\">\n\t\t\t\t\t\t<section class=\"elementor-section elementor-top-section elementor-element elementor-element-07ad7f2 elementor-section-stretched elementor-section-boxed elementor-section-height-default elementor-section-height-default\" data-id=\"07ad7f2\" data-element_type=\"section\" data-settings=\"{&quot;stretch_section&quot;:&quot;section-stretched&quot;}\">\n\t\t\t\t\t\t<div class=\"elementor-container elementor-column-gap-extended\">\n\t\t\t\t\t<div class=\"elementor-column elementor-col-100 elementor-top-column elementor-element elementor-element-ece2b7f\" data-id=\"ece2b7f\" data-element_type=\"column\">\n\t\t\t<div class=\"elementor-widget-wrap elementor-element-populated\">\n\t\t\t\t\t\t<div class=\"elementor-element elementor-element-35446ac elementor-widget elementor-widget-heading\" data-id=\"35446ac\" data-element_type=\"widget\" data-widget_type=\"heading.default\">\n\t\t\t\t<div class=\"elementor-widget-container\">\n\t\t\t\t\t<h2 class=\"elementor-heading-title elementor-size-default\">Kedves di\u00e1k munkav\u00e1llal\u00f3nk!<\/h2>\t\t\t\t<\/div>\n\t\t\t\t<\/div>\n\t\t\t\t<div class=\"elementor-element elementor-element-d1ed35f elementor-widget elementor-widget-text-editor\" data-id=\"d1ed35f\" data-element_type=\"widget\" data-widget_type=\"text-editor.default\">\n\t\t\t\t<div class=\"elementor-widget-container\">\n\t\t\t\t\t\t\t\t\t<h4>Ha szeretn\u00e9l n\u00e1lunk dolgozni, az al\u00e1bbiakat kell tenned:<\/h4>\n<ul>\n<li>N\u00e9zd meg az aktu\u00e1lis <a href=\"https:\/\/jobbkezek.hu\/en\/aktualis-munkak\/\">munkalehet\u0151s\u00e9geinket<\/a>.&nbsp;<\/li>\n<li>Ha szeretn\u00e9l egy munk\u00e1ra jelentkezni, be kell l\u00e9pned az oldalunkra. Ha m\u00e9g nem regisztr\u00e1lt\u00e1l n\u00e1lunk, <a href=\"https:\/\/jobbkezek.hu\/en\/login-register\/\">regisztr\u00e1lj<\/a>!<\/li>\n<li>Regisztr\u00e1ci\u00f3 ut\u00e1n t\u00f6ltsd fel a profiladataidat \u00e9s t\u00f6lts fel egy \u00f6n\u00e9letrajzot, a legt\u00f6bb munk\u00e1n\u00e1l sz\u00fcks\u00e9ged lesz r\u00e1.<\/li>\n<li>Ha bel\u00e9pt\u00e9l az oldalunkra, tudsz jelentkezni egy vagy ak\u00e1r t\u00f6bb munk\u00e1nkra is.<\/li>\n<li>Jelentkez\u00e9sed ut\u00e1n hamarosan felvessz\u00fck veled a kapcsolatot \u00e9s t\u00e1j\u00e9koztatunk a tov\u00e1bbi teend\u0151kr\u0151l.<\/li>\n<\/ul>\n<h4>Fizet\u00e9si id\u0151pontok:<\/h4>\n<p>A b\u00e9reket havonta, a t\u00e1rgy\u00f3t k\u00f6vet\u0151 h\u00f3nap 10-\u00e9n utaljuk. Ha ez a nap nem h\u00e9tk\u00f6znapra esik, akkor az ezt megel\u0151z\u0151 munkanapon utaljuk a b\u00e9reket. B\u00e9rfizet\u00e9si id\u0151pontokat <a href=\"https:\/\/jobbkezek.hu\/en\/berkifizetesi-idopontok\/\">itt<\/a> tudod megn\u00e9zni.<br>A fizet\u00e9sed ezen a napon \u00e1ltal\u00e1ban 16 \u00e9s 18 \u00f3ra k\u00f6z\u00f6tt \u00e9rkezik meg a sz\u00e1ml\u00e1dra.<\/p>\n<div>&nbsp;<\/div>\n<div>&nbsp;<\/div>\n<div><br><\/div>\t\t\t\t\t\t\t\t<\/div>\n\t\t\t\t<\/div>\n\t\t\t\t\t<\/div>\n\t\t<\/div>\n\t\t\t\t\t<\/div>\n\t\t<\/section>\n\t\t\t\t<section class=\"elementor-section elementor-top-section elementor-element elementor-element-77fd0b0 elementor-section-stretched elementor-section-boxed elementor-section-height-default elementor-section-height-default\" data-id=\"77fd0b0\" data-element_type=\"section\" data-settings=\"{&quot;stretch_section&quot;:&quot;section-stretched&quot;,&quot;background_background&quot;:&quot;classic&quot;}\">\n\t\t\t\t\t\t<div class=\"elementor-container elementor-column-gap-extended\">\n\t\t\t\t\t<div class=\"elementor-column elementor-col-100 elementor-top-column elementor-element elementor-element-cd328c6\" data-id=\"cd328c6\" data-element_type=\"column\">\n\t\t\t<div class=\"elementor-widget-wrap elementor-element-populated\">\n\t\t\t\t\t\t<div class=\"elementor-element elementor-element-d4f9aad elementor-widget elementor-widget-heading\" data-id=\"d4f9aad\" data-element_type=\"widget\" data-widget_type=\"heading.default\">\n\t\t\t\t<div class=\"elementor-widget-container\">\n\t\t\t\t\t<h2 class=\"elementor-heading-title elementor-size-default\">Find the right job for you today!<\/h2>\t\t\t\t<\/div>\n\t\t\t\t<\/div>\n\t\t\t\t<div class=\"elementor-element elementor-element-20e4d51 elementor-widget elementor-widget-heading\" data-id=\"20e4d51\" data-element_type=\"widget\" data-widget_type=\"heading.default\">\n\t\t\t\t<div class=\"elementor-widget-container\">\n\t\t\t\t\t<h2 class=\"elementor-heading-title elementor-size-default\">Register with us and browse our current job offers!<\/h2>\t\t\t\t<\/div>\n\t\t\t\t<\/div>\n\t\t\t\t<div class=\"elementor-element elementor-element-e0c2372 elementor-widget__width-auto elementor-widget elementor-widget-button\" data-id=\"e0c2372\" data-element_type=\"widget\" data-widget_type=\"button.default\">\n\t\t\t\t<div class=\"elementor-widget-container\">\n\t\t\t\t\t\t\t\t\t<div class=\"elementor-button-wrapper\">\n\t\t\t\t\t<a class=\"elementor-button elementor-button-link elementor-size-md\" href=\"https:\/\/jobbkezek.hu\/en\/aktualis-munkak\/\">\n\t\t\t\t\t\t<span class=\"elementor-button-content-wrapper\">\n\t\t\t\t\t\t\t\t\t<span class=\"elementor-button-text\">Current jobs<\/span>\n\t\t\t\t\t<\/span>\n\t\t\t\t\t<\/a>\n\t\t\t\t<\/div>\n\t\t\t\t\t\t\t\t<\/div>\n\t\t\t\t<\/div>\n\t\t\t\t<div class=\"elementor-element elementor-element-751e411 elementor-widget__width-auto elementor-widget elementor-widget-button\" data-id=\"751e411\" data-element_type=\"widget\" data-widget_type=\"button.default\">\n\t\t\t\t<div class=\"elementor-widget-container\">\n\t\t\t\t\t\t\t\t\t<div class=\"elementor-button-wrapper\">\n\t\t\t\t\t<a class=\"elementor-button elementor-button-link elementor-size-md\" href=\"#\">\n\t\t\t\t\t\t<span class=\"elementor-button-content-wrapper\">\n\t\t\t\t\t\t\t\t\t<span class=\"elementor-button-text\">Registration<\/span>\n\t\t\t\t\t<\/span>\n\t\t\t\t\t<\/a>\n\t\t\t\t<\/div>\n\t\t\t\t\t\t\t\t<\/div>\n\t\t\t\t<\/div>\n\t\t\t\t\t<\/div>\n\t\t<\/div>\n\t\t\t\t\t<\/div>\n\t\t<\/section>\n\t\t\t\t<\/div>","protected":false},"excerpt":{"rendered":"<p>Kedves di\u00e1k munkav\u00e1llal\u00f3nk! Ha szeretn\u00e9l n\u00e1lunk dolgozni, az al\u00e1bbiakat kell tenned: N\u00e9zd meg az aktu\u00e1lis munkalehet\u0151s\u00e9geinket.&nbsp; Ha szeretn\u00e9l egy munk\u00e1ra jelentkezni, be kell l\u00e9pned az oldalunkra. Ha m\u00e9g nem regisztr\u00e1lt\u00e1l n\u00e1lunk, regisztr\u00e1lj! Regisztr\u00e1ci\u00f3 ut\u00e1n t\u00f6ltsd fel a profiladataidat \u00e9s t\u00f6lts fel egy \u00f6n\u00e9letrajzot, a legt\u00f6bb munk\u00e1n\u00e1l sz\u00fcks\u00e9ged lesz r\u00e1. Ha bel\u00e9pt\u00e9l az oldalunkra, tudsz jelentkezni [&hellip;]<\/p>","protected":false},"author":1,"featured_media":0,"parent":0,"menu_order":0,"comment_status":"closed","ping_status":"closed","template":"","meta":{"_acf_changed":false,"_monsterinsights_skip_tracking":false,"_monsterinsights_sitenote_active":false,"_monsterinsights_sitenote_note":"","_monsterinsights_sitenote_category":0,"footnotes":""},"class_list":["post-34","page","type-page","status-publish","hentry"],"acf":[],"aioseo_notices":[],"_links":{"self":[{"href":"https:\/\/jobbkezek.hu\/en\/wp-json\/wp\/v2\/pages\/34","targetHints":{"allow":["GET"]}}],"collection":[{"href":"https:\/\/jobbkezek.hu\/en\/wp-json\/wp\/v2\/pages"}],"about":[{"href":"https:\/\/jobbkezek.hu\/en\/wp-json\/wp\/v2\/types\/page"}],"author":[{"embeddable":true,"href":"https:\/\/jobbkezek.hu\/en\/wp-json\/wp\/v2\/users\/1"}],"replies":[{"embeddable":true,"href":"https:\/\/jobbkezek.hu\/en\/wp-json\/wp\/v2\/comments?post=34"}],"version-history":[{"count":19,"href":"https:\/\/jobbkezek.hu\/en\/wp-json\/wp\/v2\/pages\/34\/revisions"}],"predecessor-version":[{"id":10282,"href":"https:\/\/jobbkezek.hu\/en\/wp-json\/wp\/v2\/pages\/34\/revisions\/10282"}],"wp:attachment":[{"href":"https:\/\/jobbkezek.hu\/en\/wp-json\/wp\/v2\/media?parent=34"}],"curies":[{"name":"wp","href":"https:\/\/api.w.org\/{rel}","templated":true}]}}