{"id":38,"date":"2021-03-10T09:28:48","date_gmt":"2021-03-10T09:28:48","guid":{"rendered":"https:\/\/apusthemes.com\/wp-demo\/superio\/?page_id=38"},"modified":"2026-04-02T08:36:52","modified_gmt":"2026-04-02T08:36:52","slug":"berkifizetesi-idopontok","status":"publish","type":"page","link":"https:\/\/jobbkezek.hu\/en\/berkifizetesi-idopontok\/","title":{"rendered":"Payroll dates"},"content":{"rendered":"<div data-elementor-type=\"wp-page\" data-elementor-id=\"38\" class=\"elementor elementor-38\">\n\t\t\t\t<div class=\"elementor-element elementor-element-2d1fe06 e-flex e-con-boxed e-con e-parent\" data-id=\"2d1fe06\" data-element_type=\"container\">\n\t\t\t\t\t<div class=\"e-con-inner\">\n\t\t\t\t<div class=\"elementor-element elementor-element-26bad6e elementor-widget elementor-widget-html\" data-id=\"26bad6e\" data-element_type=\"widget\" data-widget_type=\"html.default\">\n\t\t\t\t<div class=\"elementor-widget-container\">\n\t\t\t\t\t<!DOCTYPE html>\n<html lang=\"hu\">\n<head>\n    <meta charset=\"UTF-8\">\n    <meta name=\"viewport\" content=\"width=device-width, initial-scale=1.0\">\n    <title>T\u00e1bl\u00e1zat<\/title>\n    <style>\n        table {\n            width: 100%;\n            border-collapse: collapse;\n        }\n        th {\n            background-color: #807EC8;\n            color: white;\n            font-weight: bold;\n            padding: 10px;\n        }\n        td {\n            padding: 10px;\n            border: 1px solid #ddd;\n        }\n        \/* Nagyon halv\u00e1ny sz\u00fcrke h\u00e1tt\u00e9r minden 2. sorhoz *\/\n        tr:nth-child(even) {\n            background-color: #f7f7f7;\n        }\n          \/* Oszlop ar\u00e1nyok *\/\n        th:nth-child(1), td:nth-child(1) {\n            width: 66.66%; \/* 2\/3 sz\u00e9less\u00e9g *\/\n        }\n        th:nth-child(2), td:nth-child(2) {\n            width: 33.33%; \/* 1\/3 sz\u00e9less\u00e9g *\/\n        }\n    <\/style>\n<\/head>\n<body>\n\n<table>\n    <tr>\n        <th colspan=\"2\" style=\"text-align:center\">B\u00e9rfizet\u00e9si id\u0151pontok 2026-ban<\/th>\n    <\/tr>\n    <tr>\n        <td>January<\/td>\n        <td>9th (Friday)\n<\/td>\n    <\/tr>\n    <tr>\n        <td>February<\/td>\n        <td>10th (Tuesday)\n<\/td>\n          <tr>\n        <td>March<\/td>\n        <td>10th (Tuesday)\n<\/td>\n    <\/tr>\n    <tr>\n        <td>April<\/td>\n        <td>10th (Friday)\n<\/td>\n          <tr>\n        <td>May<\/td>\n        <td>8th (Friday)\n<\/td>\n    <\/tr>\n    <tr>\n        <td>June<\/td>\n        <td>10th (Wednesday)\n<\/td>\n    <\/tr>\n           <tr>\n        <td>July<\/td>\n        <td>10th (Friday)\n<\/td>\n    <\/tr>\n    <tr>\n        <td>August<\/td>\n        <td>10th (Monday)\n<\/td>\n          <tr>\n        <td>September<\/td>\n        <td>10th (Thursday)\n<\/td>\n    <\/tr>\n    <tr>\n        <td>October<\/td>\n        <td>9th (Friday)\n<\/td>\n    <\/tr>\n         <tr>\n        <td>November<\/td>\n        <td>10th (Tuesday)\n<\/td>\n    <\/tr>\n    <tr>\n        <td>December<\/td>\n        <td>10th (Thursday)\n<\/td>\n    <\/tr>\n<\/table>\n\n<\/body>\n<\/html>\t\t\t\t<\/div>\n\t\t\t\t<\/div>\n\t\t\t\t\t<\/div>\n\t\t\t\t<\/div>\n\t\t\t\t<section class=\"elementor-section elementor-top-section elementor-element elementor-element-40655f3 elementor-section-stretched elementor-section-boxed elementor-section-height-default elementor-section-height-default\" data-id=\"40655f3\" data-element_type=\"section\" data-settings=\"{&quot;stretch_section&quot;:&quot;section-stretched&quot;,&quot;background_background&quot;:&quot;classic&quot;}\">\n\t\t\t\t\t\t<div class=\"elementor-container elementor-column-gap-extended\">\n\t\t\t\t\t<div class=\"elementor-column elementor-col-100 elementor-top-column elementor-element elementor-element-018cddd\" data-id=\"018cddd\" data-element_type=\"column\">\n\t\t\t<div class=\"elementor-widget-wrap elementor-element-populated\">\n\t\t\t\t\t\t<div class=\"elementor-element elementor-element-2a51579 elementor-widget elementor-widget-heading\" data-id=\"2a51579\" data-element_type=\"widget\" data-widget_type=\"heading.default\">\n\t\t\t\t<div class=\"elementor-widget-container\">\n\t\t\t\t\t<h2 class=\"elementor-heading-title elementor-size-default\">Find the right job for you today!<\/h2>\t\t\t\t<\/div>\n\t\t\t\t<\/div>\n\t\t\t\t<div class=\"elementor-element elementor-element-3be71b4 elementor-widget elementor-widget-heading\" data-id=\"3be71b4\" data-element_type=\"widget\" data-widget_type=\"heading.default\">\n\t\t\t\t<div class=\"elementor-widget-container\">\n\t\t\t\t\t<h2 class=\"elementor-heading-title elementor-size-default\">Register with us and browse our current job offers!<\/h2>\t\t\t\t<\/div>\n\t\t\t\t<\/div>\n\t\t\t\t<div class=\"elementor-element elementor-element-24c75b3 elementor-widget__width-auto elementor-widget elementor-widget-button\" data-id=\"24c75b3\" data-element_type=\"widget\" data-widget_type=\"button.default\">\n\t\t\t\t<div class=\"elementor-widget-container\">\n\t\t\t\t\t\t\t\t\t<div class=\"elementor-button-wrapper\">\n\t\t\t\t\t<a class=\"elementor-button elementor-button-link elementor-size-md\" href=\"https:\/\/jobbkezek.hu\/en\/aktualis-munkak\/\">\n\t\t\t\t\t\t<span class=\"elementor-button-content-wrapper\">\n\t\t\t\t\t\t\t\t\t<span class=\"elementor-button-text\">Current jobs<\/span>\n\t\t\t\t\t<\/span>\n\t\t\t\t\t<\/a>\n\t\t\t\t<\/div>\n\t\t\t\t\t\t\t\t<\/div>\n\t\t\t\t<\/div>\n\t\t\t\t<div class=\"elementor-element elementor-element-0b568de elementor-widget__width-auto elementor-widget elementor-widget-button\" data-id=\"0b568de\" data-element_type=\"widget\" data-widget_type=\"button.default\">\n\t\t\t\t<div class=\"elementor-widget-container\">\n\t\t\t\t\t\t\t\t\t<div class=\"elementor-button-wrapper\">\n\t\t\t\t\t<a class=\"elementor-button elementor-button-link elementor-size-md\" href=\"https:\/\/jobbkezek.hu\/en\/login-register\/\">\n\t\t\t\t\t\t<span class=\"elementor-button-content-wrapper\">\n\t\t\t\t\t\t\t\t\t<span class=\"elementor-button-text\">Registration<\/span>\n\t\t\t\t\t<\/span>\n\t\t\t\t\t<\/a>\n\t\t\t\t<\/div>\n\t\t\t\t\t\t\t\t<\/div>\n\t\t\t\t<\/div>\n\t\t\t\t\t<\/div>\n\t\t<\/div>\n\t\t\t\t\t<\/div>\n\t\t<\/section>\n\t\t\t\t<\/div>","protected":false},"excerpt":{"rendered":"<p>T\u00e1bl\u00e1zat B\u00e9rfizet\u00e9si id\u0151pontok 2026-ban Janu\u00e1r 9. (p\u00e9ntek) Febru\u00e1r 10. (kedd) M\u00e1rcius 10. (kedd) \u00c1prilis 10. (p\u00e9ntek) M\u00e1jus 8. (p\u00e9ntek) J\u00fanius 10. (szerda) J\u00falius 10. (p\u00e9ntek) Agusztus 10. (h\u00e9tf\u0151) Szeptember 10. (cs\u00fct\u00f6rt\u00f6k) Okt\u00f3ber 9. (p\u00e9ntek) November 10. (kedd) December 10. (cs\u00fct\u00f6rt\u00f6k) Tal\u00e1ld meg a neked val\u00f3 munk\u00e1t m\u00e9g ma! Regisztr\u00e1lj hozz\u00e1nk, \u00e9s b\u00f6ng\u00e9ssz aktu\u00e1lis munka aj\u00e1nlataink [&hellip;]<\/p>","protected":false},"author":1,"featured_media":0,"parent":0,"menu_order":0,"comment_status":"closed","ping_status":"closed","template":"","meta":{"_acf_changed":false,"_monsterinsights_skip_tracking":false,"_monsterinsights_sitenote_active":false,"_monsterinsights_sitenote_note":"","_monsterinsights_sitenote_category":0,"footnotes":""},"class_list":["post-38","page","type-page","status-publish","hentry"],"acf":[],"aioseo_notices":[],"_links":{"self":[{"href":"https:\/\/jobbkezek.hu\/en\/wp-json\/wp\/v2\/pages\/38","targetHints":{"allow":["GET"]}}],"collection":[{"href":"https:\/\/jobbkezek.hu\/en\/wp-json\/wp\/v2\/pages"}],"about":[{"href":"https:\/\/jobbkezek.hu\/en\/wp-json\/wp\/v2\/types\/page"}],"author":[{"embeddable":true,"href":"https:\/\/jobbkezek.hu\/en\/wp-json\/wp\/v2\/users\/1"}],"replies":[{"embeddable":true,"href":"https:\/\/jobbkezek.hu\/en\/wp-json\/wp\/v2\/comments?post=38"}],"version-history":[{"count":35,"href":"https:\/\/jobbkezek.hu\/en\/wp-json\/wp\/v2\/pages\/38\/revisions"}],"predecessor-version":[{"id":10448,"href":"https:\/\/jobbkezek.hu\/en\/wp-json\/wp\/v2\/pages\/38\/revisions\/10448"}],"wp:attachment":[{"href":"https:\/\/jobbkezek.hu\/en\/wp-json\/wp\/v2\/media?parent=38"}],"curies":[{"name":"wp","href":"https:\/\/api.w.org\/{rel}","templated":true}]}}