{"id":8748,"date":"2025-01-04T23:58:55","date_gmt":"2025-01-04T23:58:55","guid":{"rendered":"https:\/\/jobbkezek.rmmedia.hu\/?page_id=8748"},"modified":"2025-09-14T21:24:16","modified_gmt":"2025-09-14T21:24:16","slug":"diakmunka-alkalmazasa","status":"publish","type":"page","link":"https:\/\/jobbkezek.hu\/en\/diakmunka-alkalmazasa\/","title":{"rendered":"Hiring student workers"},"content":{"rendered":"<div data-elementor-type=\"wp-page\" data-elementor-id=\"8748\" class=\"elementor elementor-8748\">\n\t\t\t\t\t\t<section class=\"elementor-section elementor-top-section elementor-element elementor-element-58201cf elementor-section-stretched elementor-section-boxed elementor-section-height-default elementor-section-height-default\" data-id=\"58201cf\" data-element_type=\"section\" data-settings=\"{&quot;stretch_section&quot;:&quot;section-stretched&quot;}\">\n\t\t\t\t\t\t<div class=\"elementor-container elementor-column-gap-extended\">\n\t\t\t\t\t<div class=\"elementor-column elementor-col-100 elementor-top-column elementor-element elementor-element-21e424f\" data-id=\"21e424f\" data-element_type=\"column\">\n\t\t\t<div class=\"elementor-widget-wrap elementor-element-populated\">\n\t\t\t\t\t\t<div class=\"elementor-element elementor-element-1a48b93 elementor-widget elementor-widget-heading\" data-id=\"1a48b93\" data-element_type=\"widget\" data-widget_type=\"heading.default\">\n\t\t\t\t<div class=\"elementor-widget-container\">\n\t\t\t\t\t<h2 class=\"elementor-heading-title elementor-size-default\">Why is it worth partnering with Jobb Kezek?<\/h2>\t\t\t\t<\/div>\n\t\t\t\t<\/div>\n\t\t\t\t<div class=\"elementor-element elementor-element-7349347 elementor-widget elementor-widget-text-editor\" data-id=\"7349347\" data-element_type=\"widget\" data-widget_type=\"text-editor.default\">\n\t\t\t\t<div class=\"elementor-widget-container\">\n\t\t\t\t\t\t\t\t\t<p>A Jobb Kezek Iskolasz\u00f6vetkezet 1996-ban alakult, az\u00f3ta t\u00f6bb mint 600 c\u00e9g sz\u00e1m\u00e1ra biztos\u00edtott munkaer\u0151t.\u00a0<\/p><h4>There are many benefits to partnering with Jobb Kezek:<\/h4><ol><li><strong><span class=\"yellow_title\">It\u2019s legally more affordable,<\/span> than any other legal payment method.<\/strong>Thanks to the benefits enjoyed by school cooperatives, we can employ students at a lower cost than if you were to hire them directly.<\/li><li><span class=\"yellow_title\"><strong>Simple<\/strong>:<\/span><br \/>You only need to order the required number of students, sign a contract with us, and pay our invoice monthly. We handle everything else.<br \/>\u2013 You don\u2019t have to search for employees; it\u2019s our job to advertise the job and select the best candidates.<br \/>\u2013 We handle all employer administration \u2013 employment contracts, payroll, records, and tax-related tasks.<\/li><li><span class=\"yellow_title\"><strong>Cost-effective<\/strong>:<\/span><br \/>You only need to pay after the actual work has been completed and verified by you.<\/li><li><span class=\"yellow_title\"><strong>Fast<\/strong>:<\/span><br \/>We can provide the requested workforce within a few days.<\/li><li><span class=\"yellow_title\"><strong>Convenient<\/strong>:<\/span><br \/>All you need to do is request a quote from us via email, and we\u2019ll take care of the rest.<p><strong>Give it a try! <\/strong><\/p><p><a href=\"https:\/\/jobbkezek.hu\/en\/ajanlatkeres\/\">V\u00e1rjuk aj\u00e1nlatk\u00e9r\u00e9s\u00e9t!<\/a><\/p><p>\u00a0<\/p><\/li><\/ol><div><div class=\"formholder\">\u00a0<\/div><\/div>\t\t\t\t\t\t\t\t<\/div>\n\t\t\t\t<\/div>\n\t\t\t\t\t<\/div>\n\t\t<\/div>\n\t\t\t\t\t<\/div>\n\t\t<\/section>\n\t\t\t\t<section class=\"elementor-section elementor-top-section elementor-element elementor-element-40655f3 elementor-section-stretched elementor-section-boxed elementor-section-height-default elementor-section-height-default\" data-id=\"40655f3\" data-element_type=\"section\" data-settings=\"{&quot;stretch_section&quot;:&quot;section-stretched&quot;,&quot;background_background&quot;:&quot;classic&quot;}\">\n\t\t\t\t\t\t<div class=\"elementor-container elementor-column-gap-extended\">\n\t\t\t\t\t<div class=\"elementor-column elementor-col-100 elementor-top-column elementor-element elementor-element-018cddd\" data-id=\"018cddd\" data-element_type=\"column\">\n\t\t\t<div class=\"elementor-widget-wrap elementor-element-populated\">\n\t\t\t\t\t\t<div class=\"elementor-element elementor-element-2a51579 elementor-widget elementor-widget-heading\" data-id=\"2a51579\" data-element_type=\"widget\" data-widget_type=\"heading.default\">\n\t\t\t\t<div class=\"elementor-widget-container\">\n\t\t\t\t\t<h2 class=\"elementor-heading-title elementor-size-default\">Find the right job for you today!<\/h2>\t\t\t\t<\/div>\n\t\t\t\t<\/div>\n\t\t\t\t<div class=\"elementor-element elementor-element-3be71b4 elementor-widget elementor-widget-heading\" data-id=\"3be71b4\" data-element_type=\"widget\" data-widget_type=\"heading.default\">\n\t\t\t\t<div class=\"elementor-widget-container\">\n\t\t\t\t\t<h2 class=\"elementor-heading-title elementor-size-default\">Register with us and browse our current job offers!<\/h2>\t\t\t\t<\/div>\n\t\t\t\t<\/div>\n\t\t\t\t<div class=\"elementor-element elementor-element-24c75b3 elementor-widget__width-auto elementor-widget elementor-widget-button\" data-id=\"24c75b3\" data-element_type=\"widget\" data-widget_type=\"button.default\">\n\t\t\t\t<div class=\"elementor-widget-container\">\n\t\t\t\t\t\t\t\t\t<div class=\"elementor-button-wrapper\">\n\t\t\t\t\t<a class=\"elementor-button elementor-button-link elementor-size-md\" href=\"https:\/\/jobbkezek.hu\/en\/aktualis-munkak\/\">\n\t\t\t\t\t\t<span class=\"elementor-button-content-wrapper\">\n\t\t\t\t\t\t\t\t\t<span class=\"elementor-button-text\">Current jobs<\/span>\n\t\t\t\t\t<\/span>\n\t\t\t\t\t<\/a>\n\t\t\t\t<\/div>\n\t\t\t\t\t\t\t\t<\/div>\n\t\t\t\t<\/div>\n\t\t\t\t<div class=\"elementor-element elementor-element-0b568de elementor-widget__width-auto elementor-widget elementor-widget-button\" data-id=\"0b568de\" data-element_type=\"widget\" data-widget_type=\"button.default\">\n\t\t\t\t<div class=\"elementor-widget-container\">\n\t\t\t\t\t\t\t\t\t<div class=\"elementor-button-wrapper\">\n\t\t\t\t\t<a class=\"elementor-button elementor-button-link elementor-size-md\" href=\"https:\/\/jobbkezek.hu\/en\/login-register\/\">\n\t\t\t\t\t\t<span class=\"elementor-button-content-wrapper\">\n\t\t\t\t\t\t\t\t\t<span class=\"elementor-button-text\">Registration<\/span>\n\t\t\t\t\t<\/span>\n\t\t\t\t\t<\/a>\n\t\t\t\t<\/div>\n\t\t\t\t\t\t\t\t<\/div>\n\t\t\t\t<\/div>\n\t\t\t\t\t<\/div>\n\t\t<\/div>\n\t\t\t\t\t<\/div>\n\t\t<\/section>\n\t\t\t\t<\/div>","protected":false},"excerpt":{"rendered":"<p>Mi\u00e9rt \u00e9rdemes a Jobb Kezekkel egy\u00fcttm\u0171k\u00f6dni? A Jobb Kezek Iskolasz\u00f6vetkezet 1996-ban alakult, az\u00f3ta t\u00f6bb mint 600 c\u00e9g sz\u00e1m\u00e1ra biztos\u00edtott munkaer\u0151t.\u00a0 A Jobb Kezek megb\u00edz\u00e1s\u00e1nak sok el\u0151nye van: T\u00f6rv\u00e9nyesen olcs\u00f3bb, mint b\u00e1rmely m\u00e1s leg\u00e1lis kifizet\u00e9si forma: K\u00f6sz\u00f6nhet\u0151en az iskolasz\u00f6vetkezetek \u00e1ltal \u00e9lvezett kedvezm\u00e9nyeknek, olcs\u00f3bban tudjuk alkalmazni a di\u00e1kokat, mintha \u00d6n\u00f6k venn\u00e9l fel \u0151ket. Egyszer\u0171:\u00d6n\u00f6knek csak meg kell [&hellip;]<\/p>","protected":false},"author":1,"featured_media":0,"parent":0,"menu_order":0,"comment_status":"closed","ping_status":"closed","template":"","meta":{"_acf_changed":false,"_monsterinsights_skip_tracking":false,"_monsterinsights_sitenote_active":false,"_monsterinsights_sitenote_note":"","_monsterinsights_sitenote_category":0,"footnotes":""},"class_list":["post-8748","page","type-page","status-publish","hentry"],"acf":[],"aioseo_notices":[],"_links":{"self":[{"href":"https:\/\/jobbkezek.hu\/en\/wp-json\/wp\/v2\/pages\/8748","targetHints":{"allow":["GET"]}}],"collection":[{"href":"https:\/\/jobbkezek.hu\/en\/wp-json\/wp\/v2\/pages"}],"about":[{"href":"https:\/\/jobbkezek.hu\/en\/wp-json\/wp\/v2\/types\/page"}],"author":[{"embeddable":true,"href":"https:\/\/jobbkezek.hu\/en\/wp-json\/wp\/v2\/users\/1"}],"replies":[{"embeddable":true,"href":"https:\/\/jobbkezek.hu\/en\/wp-json\/wp\/v2\/comments?post=8748"}],"version-history":[{"count":13,"href":"https:\/\/jobbkezek.hu\/en\/wp-json\/wp\/v2\/pages\/8748\/revisions"}],"predecessor-version":[{"id":10291,"href":"https:\/\/jobbkezek.hu\/en\/wp-json\/wp\/v2\/pages\/8748\/revisions\/10291"}],"wp:attachment":[{"href":"https:\/\/jobbkezek.hu\/en\/wp-json\/wp\/v2\/media?parent=8748"}],"curies":[{"name":"wp","href":"https:\/\/api.w.org\/{rel}","templated":true}]}}