{"id":8754,"date":"2025-01-04T23:53:12","date_gmt":"2025-01-04T23:53:12","guid":{"rendered":"https:\/\/jobbkezek.rmmedia.hu\/?page_id=8754"},"modified":"2025-08-24T19:10:24","modified_gmt":"2025-08-24T19:10:24","slug":"munkatarsaink","status":"publish","type":"page","link":"https:\/\/jobbkezek.hu\/en\/munkatarsaink\/","title":{"rendered":"Colleagues"},"content":{"rendered":"<div data-elementor-type=\"wp-page\" data-elementor-id=\"8754\" class=\"elementor elementor-8754\">\n\t\t\t\t\t\t<section class=\"elementor-section elementor-top-section elementor-element elementor-element-4a355a3 elementor-section-stretched elementor-section-boxed elementor-section-height-default elementor-section-height-default\" data-id=\"4a355a3\" data-element_type=\"section\" data-settings=\"{&quot;stretch_section&quot;:&quot;section-stretched&quot;}\">\n\t\t\t\t\t\t<div class=\"elementor-container elementor-column-gap-extended\">\n\t\t\t\t\t<div class=\"elementor-column elementor-col-100 elementor-top-column elementor-element elementor-element-88e1a78\" data-id=\"88e1a78\" data-element_type=\"column\">\n\t\t\t<div class=\"elementor-widget-wrap\">\n\t\t\t\t\t\t\t<\/div>\n\t\t<\/div>\n\t\t\t\t\t<\/div>\n\t\t<\/section>\n\t\t\t\t<section class=\"elementor-section elementor-top-section elementor-element elementor-element-7804be9 elementor-section-stretched elementor-section-boxed elementor-section-height-default elementor-section-height-default\" data-id=\"7804be9\" data-element_type=\"section\" data-settings=\"{&quot;stretch_section&quot;:&quot;section-stretched&quot;}\">\n\t\t\t\t\t\t<div class=\"elementor-container elementor-column-gap-extended\">\n\t\t\t\t\t<div class=\"elementor-column elementor-col-100 elementor-top-column elementor-element elementor-element-d5bb4a9\" data-id=\"d5bb4a9\" data-element_type=\"column\">\n\t\t\t<div class=\"elementor-widget-wrap\">\n\t\t\t\t\t\t\t<\/div>\n\t\t<\/div>\n\t\t\t\t\t<\/div>\n\t\t<\/section>\n\t\t\t\t<section class=\"elementor-section elementor-top-section elementor-element elementor-element-5d0f23e elementor-section-stretched elementor-section-boxed elementor-section-height-default elementor-section-height-default\" data-id=\"5d0f23e\" data-element_type=\"section\" data-settings=\"{&quot;stretch_section&quot;:&quot;section-stretched&quot;}\">\n\t\t\t\t\t\t<div class=\"elementor-container elementor-column-gap-extended\">\n\t\t\t\t\t<div class=\"elementor-column elementor-col-100 elementor-top-column elementor-element elementor-element-92d29fb\" data-id=\"92d29fb\" data-element_type=\"column\">\n\t\t\t<div class=\"elementor-widget-wrap elementor-element-populated\">\n\t\t\t\t\t\t<div class=\"elementor-element elementor-element-52d202f elementor-invisible elementor-widget elementor-widget-apus_element_features_box\" data-id=\"52d202f\" data-element_type=\"widget\" data-settings=\"{&quot;_animation&quot;:&quot;slide-up&quot;}\" data-widget_type=\"apus_element_features_box.default\">\n\t\t\t\t<div class=\"elementor-widget-container\">\n\t\t\t\t\t            <div class=\"widget-features-box  style1\">\n                  \n                    <div class=\"row list-vertical\">\n                                                    <div class=\"item col-xs-12 col-sm-4\">\n                                <div class=\"item-inner updow\">\n                                     <div class=\"top-inner\">\n                                                                                <\/div><div class=\"features-box-content\"><h3 class=\"title\">ISTV\u00c1N ERDEI<\/h3><div class=\"description\">Eln\u00f6k<br><br>\nTel: <a href=\"tel:+36309324477\">06-30-932-4477<\/a><br>\nE-mail: <a href=\"mailto:erdei@jobbkezek.hu\">erdei@jobbkezek.hu<\/a>\n<\/div><\/div>\n                                <\/div>\n                            <\/div>\n                                                    <div class=\"item col-xs-12 col-sm-4\">\n                                <div class=\"item-inner updow\">\n                                     <div class=\"top-inner\">\n                                                                                <\/div><div class=\"features-box-content\"><h3 class=\"title\">TIBOR DIENES<\/h3><div class=\"description\">Director<br><br>\nTel: <a href=\"tel:+36309524548\">06-30-952-4548<\/a><br>\nE-mail: <a href=\"mailto:dienes@jobbkezek.hu\">dienes@jobbkezek.hu<\/a><\/div><\/div>\n                                <\/div>\n                            <\/div>\n                                                    <div class=\"item col-xs-12 col-sm-4\">\n                                <div class=\"item-inner updow\">\n                                     <div class=\"top-inner\">\n                                                                                <\/div><div class=\"features-box-content\"><h3 class=\"title\">B\u00c9LA NAGY<\/h3><div class=\"description\">Director<br><br>\nTel: <a href=\"tel:+36209227695\">06-20-922-7695<\/a><br>\nE-mail: <a href=\"mailto:nagybela@jobbkezek.hu\">nagybela@jobbkezek.hu<\/a><\/div><\/div>\n                                <\/div>\n                            <\/div>\n                                            <\/div>\n                            <\/div>\n            \t\t\t\t<\/div>\n\t\t\t\t<\/div>\n\t\t\t\t<div class=\"elementor-element elementor-element-ea56b8a elementor-invisible elementor-widget elementor-widget-apus_element_features_box\" data-id=\"ea56b8a\" data-element_type=\"widget\" data-settings=\"{&quot;_animation&quot;:&quot;slide-up&quot;}\" data-widget_type=\"apus_element_features_box.default\">\n\t\t\t\t<div class=\"elementor-widget-container\">\n\t\t\t\t\t            <div class=\"widget-features-box  style1\">\n                  \n                    <div class=\"row list-vertical\">\n                                                    <div class=\"item col-xs-12 col-sm-4\">\n                                <div class=\"item-inner updow\">\n                                     <div class=\"top-inner\">\n                                                                                <\/div><div class=\"features-box-content\"><h3 class=\"title\">ANIK\u00d3 NAGY<\/h3><div class=\"description\">Director<br><br>\nTel: <a href=\"tel:+36302933238\">06-30-293-3238<\/a><br>\nE-mail: <a href=\"mailto:nagyaniko@jobbkezek.hu\">nagyaniko@jobbkezek.hu<\/a><\/div><\/div>\n                                <\/div>\n                            <\/div>\n                                                    <div class=\"item col-xs-12 col-sm-4\">\n                                <div class=\"item-inner updow\">\n                                     <div class=\"top-inner\">\n                                                                                <\/div><div class=\"features-box-content\"><h3 class=\"title\">L\u00c1SZL\u00d3 UJHELYI<\/h3><div class=\"description\">Project Manager<br><br>\nTel: <a href=\"tel:+36309324476\">06-30-932-4476<\/a><br>\nE-mail: <a href=\"mailto:ujhelyi@jobbkezek.hu\">ujhelyi@jobbkezek.hu<\/a>\n<\/div><\/div>\n                                <\/div>\n                            <\/div>\n                                                    <div class=\"item col-xs-12 col-sm-4\">\n                                <div class=\"item-inner updow\">\n                                     <div class=\"top-inner\">\n                                                                                <\/div><div class=\"features-box-content\"><h3 class=\"title\">ZSOLT SZEGEDI<\/h3><div class=\"description\">Topic Leader<br><br>\nTel: <a href=\"tel:+36308789136\">06-30-878-9136<\/a><br>\nE-mail: <a href=\"mailto:szegedizsolt@jobbkezek.hu\">szegedizsolt@jobbkezek.hu<\/a><\/div><\/div>\n                                <\/div>\n                            <\/div>\n                                            <\/div>\n                            <\/div>\n            \t\t\t\t<\/div>\n\t\t\t\t<\/div>\n\t\t\t\t<div class=\"elementor-element elementor-element-66ea03e elementor-invisible elementor-widget elementor-widget-apus_element_features_box\" data-id=\"66ea03e\" data-element_type=\"widget\" data-settings=\"{&quot;_animation&quot;:&quot;slide-up&quot;}\" data-widget_type=\"apus_element_features_box.default\">\n\t\t\t\t<div class=\"elementor-widget-container\">\n\t\t\t\t\t            <div class=\"widget-features-box  style1\">\n                  \n                    <div class=\"row list-vertical\">\n                                                    <div class=\"item col-xs-12 col-sm-4\">\n                                <div class=\"item-inner updow\">\n                                     <div class=\"top-inner\">\n                                                                                <\/div><div class=\"features-box-content\"><h3 class=\"title\">AD\u00c9L M\u00c9SZ\u00c1ROS<\/h3><div class=\"description\">Topic Leader<br><br>\nTel: <a href=\"tel:+36204714140\">06-20-471-4140<\/a><br>\nE-mail: <a href=\"mailto:meszaros@jobbkezek.hu\">meszaros@jobbkezek.hu<\/a>\n<\/div><\/div>\n                                <\/div>\n                            <\/div>\n                                                    <div class=\"item col-xs-12 col-sm-4\">\n                                <div class=\"item-inner updow\">\n                                     <div class=\"top-inner\">\n                                                                                <\/div><div class=\"features-box-content\"><h3 class=\"title\">KRISZTINA BAGI<\/h3><div class=\"description\">Topic Leader <br><br>\nTel: <a href=\"tel:+36301792132\">06-30-179-2132<\/a><br>\nE-mail: <a href=\"mailto:bagikrisztina@jobbkezek.hu\">bagikrisztina@jobbkezek.hu<\/a><\/div><\/div>\n                                <\/div>\n                            <\/div>\n                                                    <div class=\"item col-xs-12 col-sm-4\">\n                                <div class=\"item-inner updow\">\n                                     <div class=\"top-inner\">\n                                                                                <\/div><div class=\"features-box-content\"><h3 class=\"title\">M\u00c1RIA N\u00c9METH<\/h3><div class=\"description\">Secretary<br><br>\nTel: <a href=\"tel:+36302606252\">06-30-260-6252<\/a><br>\nE-mail: <a href=\"mailto:nemeth@jobbkezek.hu\">nemeth@jobbkezek.hu<\/a><\/div><\/div>\n                                <\/div>\n                            <\/div>\n                                            <\/div>\n                            <\/div>\n            \t\t\t\t<\/div>\n\t\t\t\t<\/div>\n\t\t\t\t\t<\/div>\n\t\t<\/div>\n\t\t\t\t\t<\/div>\n\t\t<\/section>\n\t\t\t\t<section class=\"elementor-section elementor-top-section elementor-element elementor-element-40655f3 elementor-section-stretched elementor-section-boxed elementor-section-height-default elementor-section-height-default\" data-id=\"40655f3\" data-element_type=\"section\" data-settings=\"{&quot;stretch_section&quot;:&quot;section-stretched&quot;,&quot;background_background&quot;:&quot;classic&quot;}\">\n\t\t\t\t\t\t<div class=\"elementor-container elementor-column-gap-extended\">\n\t\t\t\t\t<div class=\"elementor-column elementor-col-100 elementor-top-column elementor-element elementor-element-018cddd\" data-id=\"018cddd\" data-element_type=\"column\">\n\t\t\t<div class=\"elementor-widget-wrap elementor-element-populated\">\n\t\t\t\t\t\t<div class=\"elementor-element elementor-element-2a51579 elementor-widget elementor-widget-heading\" data-id=\"2a51579\" data-element_type=\"widget\" data-widget_type=\"heading.default\">\n\t\t\t\t<div class=\"elementor-widget-container\">\n\t\t\t\t\t<h2 class=\"elementor-heading-title elementor-size-default\">Find the right job for you today!<\/h2>\t\t\t\t<\/div>\n\t\t\t\t<\/div>\n\t\t\t\t<div class=\"elementor-element elementor-element-3be71b4 elementor-widget elementor-widget-heading\" data-id=\"3be71b4\" data-element_type=\"widget\" data-widget_type=\"heading.default\">\n\t\t\t\t<div class=\"elementor-widget-container\">\n\t\t\t\t\t<h2 class=\"elementor-heading-title elementor-size-default\">Register with us and browse our current job offers!<\/h2>\t\t\t\t<\/div>\n\t\t\t\t<\/div>\n\t\t\t\t<div class=\"elementor-element elementor-element-24c75b3 elementor-widget__width-auto elementor-widget elementor-widget-button\" data-id=\"24c75b3\" data-element_type=\"widget\" data-widget_type=\"button.default\">\n\t\t\t\t<div class=\"elementor-widget-container\">\n\t\t\t\t\t\t\t\t\t<div class=\"elementor-button-wrapper\">\n\t\t\t\t\t<a class=\"elementor-button elementor-button-link elementor-size-md\" href=\"https:\/\/jobbkezek.hu\/en\/aktualis-munkak\/\">\n\t\t\t\t\t\t<span class=\"elementor-button-content-wrapper\">\n\t\t\t\t\t\t\t\t\t<span class=\"elementor-button-text\">Current jobs<\/span>\n\t\t\t\t\t<\/span>\n\t\t\t\t\t<\/a>\n\t\t\t\t<\/div>\n\t\t\t\t\t\t\t\t<\/div>\n\t\t\t\t<\/div>\n\t\t\t\t<div class=\"elementor-element elementor-element-0b568de elementor-widget__width-auto elementor-widget elementor-widget-button\" data-id=\"0b568de\" data-element_type=\"widget\" data-widget_type=\"button.default\">\n\t\t\t\t<div class=\"elementor-widget-container\">\n\t\t\t\t\t\t\t\t\t<div class=\"elementor-button-wrapper\">\n\t\t\t\t\t<a class=\"elementor-button elementor-button-link elementor-size-md\" href=\"https:\/\/jobbkezek.hu\/en\/login-register\/\">\n\t\t\t\t\t\t<span class=\"elementor-button-content-wrapper\">\n\t\t\t\t\t\t\t\t\t<span class=\"elementor-button-text\">Registration<\/span>\n\t\t\t\t\t<\/span>\n\t\t\t\t\t<\/a>\n\t\t\t\t<\/div>\n\t\t\t\t\t\t\t\t<\/div>\n\t\t\t\t<\/div>\n\t\t\t\t\t<\/div>\n\t\t<\/div>\n\t\t\t\t\t<\/div>\n\t\t<\/section>\n\t\t<div class=\"elementor-element elementor-element-8638e26 e-flex e-con-boxed e-con e-parent\" data-id=\"8638e26\" data-element_type=\"container\">\n\t\t\t\t\t<div class=\"e-con-inner\">\n\t\t\t\t\t<\/div>\n\t\t\t\t<\/div>\n\t\t<div class=\"elementor-element elementor-element-26b5d74 e-grid e-con-boxed e-con e-parent\" data-id=\"26b5d74\" data-element_type=\"container\">\n\t\t\t\t\t<div class=\"e-con-inner\">\n\t\t\t\t\t<\/div>\n\t\t\t\t<\/div>\n\t\t\t\t<\/div>","protected":false},"excerpt":{"rendered":"<p>ERDEI ISTV\u00c1N Eln\u00f6k Tel: 06-30-932-4477 E-mail: erdei@jobbkezek.hu DIENES TIBOR Igazgat\u00f3 Tel: 06-30-952-4548 E-mail: dienes@jobbkezek.hu NAGY B\u00c9LA Igazgat\u00f3 Tel: 06-20-922-7695 E-mail: nagybela@jobbkezek.hu NAGY ANIK\u00d3 Igazgat\u00f3 Tel: 06-30-293-3238 E-mail: nagyaniko@jobbkezek.hu UJHELYI L\u00c1SZL\u00d3 Projektvezet\u0151 Tel: 06-30-932-4476 E-mail: ujhelyi@jobbkezek.hu SZEGEDI ZSOLT T\u00e9mavezet\u0151 Tel: 06-30-878-9136 E-mail: szegedizsolt@jobbkezek.hu M\u00c9SZ\u00c1ROS AD\u00c9L T\u00e9mavezet\u0151 Tel: 06-20-471-4140 E-mail: meszaros@jobbkezek.hu BAGI KRISZTINA T\u00e9mavezet\u0151 Tel: 06-30-179-2132 E-mail: [&hellip;]<\/p>","protected":false},"author":1,"featured_media":0,"parent":0,"menu_order":0,"comment_status":"closed","ping_status":"closed","template":"","meta":{"_acf_changed":false,"_monsterinsights_skip_tracking":false,"_monsterinsights_sitenote_active":false,"_monsterinsights_sitenote_note":"","_monsterinsights_sitenote_category":0,"footnotes":""},"class_list":["post-8754","page","type-page","status-publish","hentry"],"acf":[],"aioseo_notices":[],"_links":{"self":[{"href":"https:\/\/jobbkezek.hu\/en\/wp-json\/wp\/v2\/pages\/8754","targetHints":{"allow":["GET"]}}],"collection":[{"href":"https:\/\/jobbkezek.hu\/en\/wp-json\/wp\/v2\/pages"}],"about":[{"href":"https:\/\/jobbkezek.hu\/en\/wp-json\/wp\/v2\/types\/page"}],"author":[{"embeddable":true,"href":"https:\/\/jobbkezek.hu\/en\/wp-json\/wp\/v2\/users\/1"}],"replies":[{"embeddable":true,"href":"https:\/\/jobbkezek.hu\/en\/wp-json\/wp\/v2\/comments?post=8754"}],"version-history":[{"count":33,"href":"https:\/\/jobbkezek.hu\/en\/wp-json\/wp\/v2\/pages\/8754\/revisions"}],"predecessor-version":[{"id":10192,"href":"https:\/\/jobbkezek.hu\/en\/wp-json\/wp\/v2\/pages\/8754\/revisions\/10192"}],"wp:attachment":[{"href":"https:\/\/jobbkezek.hu\/en\/wp-json\/wp\/v2\/media?parent=8754"}],"curies":[{"name":"wp","href":"https:\/\/api.w.org\/{rel}","templated":true}]}}